{"id":2215,"date":"2024-03-13T16:44:57","date_gmt":"2024-03-13T19:44:57","guid":{"rendered":"https:\/\/jcreativemoveis.com.br\/?page_id=2215"},"modified":"2024-03-13T16:44:59","modified_gmt":"2024-03-13T19:44:59","slug":"mesas-laterais","status":"publish","type":"page","link":"https:\/\/jcreativemoveis.com.br\/?page_id=2215","title":{"rendered":"Mesas Laterais"},"content":{"rendered":"<div data-block-name=\"woocommerce\/product-category\" data-categories=\"[143]\" class=\"wc-block-grid wp-block-product-category wp-block-woocommerce-product-category wc-block-product-category has-3-columns has-multiple-rows\"><ul class=\"wc-block-grid__products\"><li class=\"wc-block-grid__product product-grid \">\n\t\t\t\t<div class=\"loop-image-wrap botiga-add-to-cart-button-layout2 botiga-quick-view-button-layout2\">\n\t\t\t\t\t<a href=\"https:\/\/jcreativemoveis.com.br\/?product=mesa-saarinen-lateral\" class=\"wc-block-grid__product-link\" title=\"Ver op\u00e7\u00f5es\">\n\t\t\t\t\t\t<div class=\"wc-block-grid__product-image\"><img loading=\"lazy\" decoding=\"async\" width=\"420\" height=\"426\" src=\"https:\/\/jcreativemoveis.com.br\/wp-content\/uploads\/2024\/03\/cb68d335-3bf3-4b2a-9c82-1bf8ce25561e-420x426.jpg\" class=\"attachment-woocommerce_thumbnail size-woocommerce_thumbnail\" alt=\"Mesa Saarinen Lateral\" srcset=\"https:\/\/jcreativemoveis.com.br\/wp-content\/uploads\/2024\/03\/cb68d335-3bf3-4b2a-9c82-1bf8ce25561e-420x426.jpg 420w, https:\/\/jcreativemoveis.com.br\/wp-content\/uploads\/2024\/03\/cb68d335-3bf3-4b2a-9c82-1bf8ce25561e-296x300.jpg 296w, https:\/\/jcreativemoveis.com.br\/wp-content\/uploads\/2024\/03\/cb68d335-3bf3-4b2a-9c82-1bf8ce25561e-1009x1024.jpg 1009w, https:\/\/jcreativemoveis.com.br\/wp-content\/uploads\/2024\/03\/cb68d335-3bf3-4b2a-9c82-1bf8ce25561e-768x779.jpg 768w, https:\/\/jcreativemoveis.com.br\/wp-content\/uploads\/2024\/03\/cb68d335-3bf3-4b2a-9c82-1bf8ce25561e-1140x1157.jpg 1140w, https:\/\/jcreativemoveis.com.br\/wp-content\/uploads\/2024\/03\/cb68d335-3bf3-4b2a-9c82-1bf8ce25561e-920x934.jpg 920w, https:\/\/jcreativemoveis.com.br\/wp-content\/uploads\/2024\/03\/cb68d335-3bf3-4b2a-9c82-1bf8ce25561e-575x583.jpg 575w, https:\/\/jcreativemoveis.com.br\/wp-content\/uploads\/2024\/03\/cb68d335-3bf3-4b2a-9c82-1bf8ce25561e-380x386.jpg 380w, https:\/\/jcreativemoveis.com.br\/wp-content\/uploads\/2024\/03\/cb68d335-3bf3-4b2a-9c82-1bf8ce25561e-800x812.jpg 800w, https:\/\/jcreativemoveis.com.br\/wp-content\/uploads\/2024\/03\/cb68d335-3bf3-4b2a-9c82-1bf8ce25561e-100x100.jpg 100w, https:\/\/jcreativemoveis.com.br\/wp-content\/uploads\/2024\/03\/cb68d335-3bf3-4b2a-9c82-1bf8ce25561e.jpg 1290w\" sizes=\"auto, (max-width: 420px) 100vw, 420px\" \/><\/div>\n\t\t\t\t\t<\/a>\n\t<a href=\"#\" class=\"button botiga-quick-view-show-on-hover botiga-quick-view botiga-quick-view-layout2\" aria-label=\"Visualiza\u00e7\u00e3o r\u00e1pida do produto Mesa Saarinen Lateral\" data-product-id=\"2192\" data-nonce=\"d3ba1b54c0\">\n\t\tVisualiza\u00e7\u00e3o r\u00e1pida\t<\/a>\n\t<\/div><a href=\"https:\/\/jcreativemoveis.com.br\/?product=mesa-saarinen-lateral\" class=\"wc-block-grid__product-link\">\n\t\t\t\t\t<div class=\"wc-block-grid__product-title\">Mesa Saarinen Lateral<\/div>\n\t\t\t\t<\/a><div class=\"wc-block-grid__product-price price\"><span class=\"woocommerce-Price-amount amount\" aria-hidden=\"true\"><span class=\"woocommerce-Price-currencySymbol\">&#082;&#036;<\/span>700.00<\/span> <span aria-hidden=\"true\">&ndash;<\/span> <span class=\"woocommerce-Price-amount amount\" aria-hidden=\"true\"><span class=\"woocommerce-Price-currencySymbol\">&#082;&#036;<\/span>900.00<\/span><span class=\"screen-reader-text\">Price range: &#082;&#036;700.00 through &#082;&#036;900.00<\/span><\/div><div class=\"wp-block-button wc-block-grid__product-add-to-cart\"><div class=\"loop-button-wrap button-width-auto button-layout2 \"><a href=\"https:\/\/jcreativemoveis.com.br\/?product=mesa-saarinen-lateral\" aria-label=\"Selecione as op\u00e7\u00f5es para &ldquo;Mesa Saarinen Lateral&rdquo;\" data-quantity=\"1\" data-product_id=\"2192\" data-product_sku=\"\" rel=\"nofollow\" class=\"button wp-block-button__link add_to_cart_button\">Ver op\u00e7\u00f5es<\/a><\/div><\/div><\/li><\/ul><\/div>","protected":false},"excerpt":{"rendered":"","protected":false},"author":1,"featured_media":0,"parent":0,"menu_order":0,"comment_status":"closed","ping_status":"closed","template":"","meta":{"footnotes":""},"class_list":["post-2215","page","type-page","status-publish","hentry"],"_links":{"self":[{"href":"https:\/\/jcreativemoveis.com.br\/index.php?rest_route=\/wp\/v2\/pages\/2215","targetHints":{"allow":["GET"]}}],"collection":[{"href":"https:\/\/jcreativemoveis.com.br\/index.php?rest_route=\/wp\/v2\/pages"}],"about":[{"href":"https:\/\/jcreativemoveis.com.br\/index.php?rest_route=\/wp\/v2\/types\/page"}],"author":[{"embeddable":true,"href":"https:\/\/jcreativemoveis.com.br\/index.php?rest_route=\/wp\/v2\/users\/1"}],"replies":[{"embeddable":true,"href":"https:\/\/jcreativemoveis.com.br\/index.php?rest_route=%2Fwp%2Fv2%2Fcomments&post=2215"}],"version-history":[{"count":1,"href":"https:\/\/jcreativemoveis.com.br\/index.php?rest_route=\/wp\/v2\/pages\/2215\/revisions"}],"predecessor-version":[{"id":2216,"href":"https:\/\/jcreativemoveis.com.br\/index.php?rest_route=\/wp\/v2\/pages\/2215\/revisions\/2216"}],"wp:attachment":[{"href":"https:\/\/jcreativemoveis.com.br\/index.php?rest_route=%2Fwp%2Fv2%2Fmedia&parent=2215"}],"curies":[{"name":"wp","href":"https:\/\/api.w.org\/{rel}","templated":true}]}}