{"id":890,"date":"2020-09-18T15:21:03","date_gmt":"2020-09-18T18:21:03","guid":{"rendered":"https:\/\/jcreativemoveis.com.br\/?page_id=890"},"modified":"2023-03-14T22:50:47","modified_gmt":"2023-03-15T01:50:47","slug":"mesa-saarinen-oval","status":"publish","type":"page","link":"https:\/\/jcreativemoveis.com.br\/?page_id=890","title":{"rendered":"Mesa Saarinen Oval"},"content":{"rendered":"\n<h2 class=\"wp-block-heading\">Mesa Saarinen Oval<\/h2>\n\n\n<div data-block-name=\"woocommerce\/product-category\" data-categories=\"[63]\" class=\"wc-block-grid wp-block-product-category wp-block-woocommerce-product-category wc-block-product-category has-3-columns has-multiple-rows\"><ul class=\"wc-block-grid__products\"><li class=\"wc-block-grid__product product-grid \">\n\t\t\t\t<div class=\"loop-image-wrap botiga-add-to-cart-button-layout2 botiga-quick-view-button-layout2\">\n\t\t\t\t\t<a href=\"https:\/\/jcreativemoveis.com.br\/?product=mesa-saarinen-oval-madeira\" class=\"wc-block-grid__product-link\" title=\"Ver op\u00e7\u00f5es\">\n\t\t\t\t\t\t<div class=\"wc-block-grid__product-image\"><img loading=\"lazy\" decoding=\"async\" width=\"420\" height=\"394\" src=\"https:\/\/jcreativemoveis.com.br\/wp-content\/uploads\/2020\/04\/JC-FREIJO-01-e1620175714839-420x394.jpeg\" class=\"attachment-woocommerce_thumbnail size-woocommerce_thumbnail\" alt=\"Mesa Saarinen Oval - Madeiras\" srcset=\"https:\/\/jcreativemoveis.com.br\/wp-content\/uploads\/2020\/04\/JC-FREIJO-01-e1620175714839-420x394.jpeg 420w, https:\/\/jcreativemoveis.com.br\/wp-content\/uploads\/2020\/04\/JC-FREIJO-01-e1620175714839-600x563.jpeg 600w, https:\/\/jcreativemoveis.com.br\/wp-content\/uploads\/2020\/04\/JC-FREIJO-01-e1620175714839-300x282.jpeg 300w, https:\/\/jcreativemoveis.com.br\/wp-content\/uploads\/2020\/04\/JC-FREIJO-01-e1620175714839.jpeg 767w\" sizes=\"auto, (max-width: 420px) 100vw, 420px\" \/><\/div>\n\t\t\t\t\t<\/a>\n\t<a href=\"#\" class=\"button botiga-quick-view-show-on-hover botiga-quick-view botiga-quick-view-layout2\" aria-label=\"Visualiza\u00e7\u00e3o r\u00e1pida do produto Mesa Saarinen Oval &#8211; Madeiras\" data-product-id=\"1565\" data-nonce=\"d3ba1b54c0\">\n\t\tVisualiza\u00e7\u00e3o r\u00e1pida\t<\/a>\n\t<\/div><a href=\"https:\/\/jcreativemoveis.com.br\/?product=mesa-saarinen-oval-madeira\" class=\"wc-block-grid__product-link\">\n\t\t\t\t\t<div class=\"wc-block-grid__product-title\">Mesa Saarinen Oval &#8211; Madeiras<\/div>\n\t\t\t\t<\/a><div class=\"wc-block-grid__product-price price\"><span class=\"woocommerce-Price-amount amount\" aria-hidden=\"true\"><span class=\"woocommerce-Price-currencySymbol\">&#082;&#036;<\/span>2,200.00<\/span> <span aria-hidden=\"true\">&ndash;<\/span> <span class=\"woocommerce-Price-amount amount\" aria-hidden=\"true\"><span class=\"woocommerce-Price-currencySymbol\">&#082;&#036;<\/span>3,500.00<\/span><span class=\"screen-reader-text\">Price range: &#082;&#036;2,200.00 through &#082;&#036;3,500.00<\/span><\/div><div class=\"wp-block-button wc-block-grid__product-add-to-cart\"><div class=\"loop-button-wrap button-width-auto button-layout2 \"><a href=\"https:\/\/jcreativemoveis.com.br\/?product=mesa-saarinen-oval-madeira\" aria-label=\"Selecione as op\u00e7\u00f5es para &ldquo;Mesa Saarinen Oval - Madeiras&rdquo;\" data-quantity=\"1\" data-product_id=\"1565\" data-product_sku=\"011\" rel=\"nofollow\" class=\"button wp-block-button__link add_to_cart_button\">Ver op\u00e7\u00f5es<\/a><\/div><\/div><\/li><li class=\"wc-block-grid__product product-grid \">\n\t\t\t\t<div class=\"loop-image-wrap botiga-add-to-cart-button-layout2 botiga-quick-view-button-layout2\">\n\t\t\t\t\t<a href=\"https:\/\/jcreativemoveis.com.br\/?product=mesa-saarinen-jantar-oval-laqueada\" class=\"wc-block-grid__product-link\" title=\"Ver op\u00e7\u00f5es\">\n\t\t\t\t\t\t<div class=\"wc-block-grid__product-image\"><img loading=\"lazy\" decoding=\"async\" width=\"420\" height=\"420\" src=\"https:\/\/jcreativemoveis.com.br\/wp-content\/uploads\/2020\/09\/JC-LAQUEADA-05-420x420.jpeg\" class=\"attachment-woocommerce_thumbnail size-woocommerce_thumbnail\" alt=\"Mesa Saarinen Jantar Oval Laqueada\" srcset=\"https:\/\/jcreativemoveis.com.br\/wp-content\/uploads\/2020\/09\/JC-LAQUEADA-05-420x420.jpeg 420w, https:\/\/jcreativemoveis.com.br\/wp-content\/uploads\/2020\/09\/JC-LAQUEADA-05-100x100.jpeg 100w, https:\/\/jcreativemoveis.com.br\/wp-content\/uploads\/2020\/09\/JC-LAQUEADA-05-600x600.jpeg 600w, https:\/\/jcreativemoveis.com.br\/wp-content\/uploads\/2020\/09\/JC-LAQUEADA-05-300x300.jpeg 300w, https:\/\/jcreativemoveis.com.br\/wp-content\/uploads\/2020\/09\/JC-LAQUEADA-05-150x150.jpeg 150w, https:\/\/jcreativemoveis.com.br\/wp-content\/uploads\/2020\/09\/JC-LAQUEADA-05.jpeg 720w\" sizes=\"auto, (max-width: 420px) 100vw, 420px\" \/><\/div>\n\t\t\t\t\t<\/a>\n\t<a href=\"#\" class=\"button botiga-quick-view-show-on-hover botiga-quick-view botiga-quick-view-layout2\" aria-label=\"Visualiza\u00e7\u00e3o r\u00e1pida do produto Mesa Saarinen Jantar Oval Laqueada\" data-product-id=\"1121\" data-nonce=\"d3ba1b54c0\">\n\t\tVisualiza\u00e7\u00e3o r\u00e1pida\t<\/a>\n\t<\/div><a href=\"https:\/\/jcreativemoveis.com.br\/?product=mesa-saarinen-jantar-oval-laqueada\" class=\"wc-block-grid__product-link\">\n\t\t\t\t\t<div class=\"wc-block-grid__product-title\">Mesa Saarinen Jantar Oval Laqueada<\/div>\n\t\t\t\t<\/a><div class=\"wc-block-grid__product-price price\"><span class=\"woocommerce-Price-amount amount\" aria-hidden=\"true\"><span class=\"woocommerce-Price-currencySymbol\">&#082;&#036;<\/span>2,300.00<\/span> <span aria-hidden=\"true\">&ndash;<\/span> <span class=\"woocommerce-Price-amount amount\" aria-hidden=\"true\"><span class=\"woocommerce-Price-currencySymbol\">&#082;&#036;<\/span>3,900.00<\/span><span class=\"screen-reader-text\">Price range: &#082;&#036;2,300.00 through &#082;&#036;3,900.00<\/span><\/div><div class=\"wp-block-button wc-block-grid__product-add-to-cart\"><div class=\"loop-button-wrap button-width-auto button-layout2 \"><a href=\"https:\/\/jcreativemoveis.com.br\/?product=mesa-saarinen-jantar-oval-laqueada\" aria-label=\"Selecione as op\u00e7\u00f5es para &ldquo;Mesa Saarinen Jantar Oval Laqueada&rdquo;\" data-quantity=\"1\" data-product_id=\"1121\" data-product_sku=\"01-1-1\" rel=\"nofollow\" class=\"button wp-block-button__link add_to_cart_button\">Ver op\u00e7\u00f5es<\/a><\/div><\/div><\/li><li class=\"wc-block-grid__product product-grid \">\n\t\t\t\t<div class=\"loop-image-wrap botiga-add-to-cart-button-layout2 botiga-quick-view-button-layout2\">\n\t\t\t\t\t<a href=\"https:\/\/jcreativemoveis.com.br\/?product=mesa-saarinen-jantar-oval-espirito-santo\" class=\"wc-block-grid__product-link\" title=\"Ver op\u00e7\u00f5es\">\n\t\t\t\t\t\t<div class=\"wc-block-grid__product-image\"><img loading=\"lazy\" decoding=\"async\" width=\"420\" height=\"430\" src=\"https:\/\/jcreativemoveis.com.br\/wp-content\/uploads\/2023\/03\/WhatsApp-Image-2023-03-15-at-11.16.03-420x430.jpeg\" class=\"attachment-woocommerce_thumbnail size-woocommerce_thumbnail\" alt=\"Mesa Saarinen Oval Esp\u00edrito Santo\" srcset=\"https:\/\/jcreativemoveis.com.br\/wp-content\/uploads\/2023\/03\/WhatsApp-Image-2023-03-15-at-11.16.03-420x430.jpeg 420w, https:\/\/jcreativemoveis.com.br\/wp-content\/uploads\/2023\/03\/WhatsApp-Image-2023-03-15-at-11.16.03-293x300.jpeg 293w, https:\/\/jcreativemoveis.com.br\/wp-content\/uploads\/2023\/03\/WhatsApp-Image-2023-03-15-at-11.16.03-768x786.jpeg 768w, https:\/\/jcreativemoveis.com.br\/wp-content\/uploads\/2023\/03\/WhatsApp-Image-2023-03-15-at-11.16.03-575x589.jpeg 575w, https:\/\/jcreativemoveis.com.br\/wp-content\/uploads\/2023\/03\/WhatsApp-Image-2023-03-15-at-11.16.03-380x389.jpeg 380w, https:\/\/jcreativemoveis.com.br\/wp-content\/uploads\/2023\/03\/WhatsApp-Image-2023-03-15-at-11.16.03.jpeg 792w\" sizes=\"auto, (max-width: 420px) 100vw, 420px\" \/><\/div>\n\t\t\t\t\t<\/a>\n\t<a href=\"#\" class=\"button botiga-quick-view-show-on-hover botiga-quick-view botiga-quick-view-layout2\" aria-label=\"Visualiza\u00e7\u00e3o r\u00e1pida do produto Mesa Saarinen Oval Esp\u00edrito Santo\" data-product-id=\"338\" data-nonce=\"d3ba1b54c0\">\n\t\tVisualiza\u00e7\u00e3o r\u00e1pida\t<\/a>\n\t<\/div><a href=\"https:\/\/jcreativemoveis.com.br\/?product=mesa-saarinen-jantar-oval-espirito-santo\" class=\"wc-block-grid__product-link\">\n\t\t\t\t\t<div class=\"wc-block-grid__product-title\">Mesa Saarinen Oval Esp\u00edrito Santo<\/div>\n\t\t\t\t<\/a><div class=\"wc-block-grid__product-price price\"><span class=\"woocommerce-Price-amount amount\" aria-hidden=\"true\"><span class=\"woocommerce-Price-currencySymbol\">&#082;&#036;<\/span>2,500.00<\/span> <span aria-hidden=\"true\">&ndash;<\/span> <span class=\"woocommerce-Price-amount amount\" aria-hidden=\"true\"><span class=\"woocommerce-Price-currencySymbol\">&#082;&#036;<\/span>3,500.00<\/span><span class=\"screen-reader-text\">Price range: &#082;&#036;2,500.00 through &#082;&#036;3,500.00<\/span><\/div><div class=\"wp-block-button wc-block-grid__product-add-to-cart\"><div class=\"loop-button-wrap button-width-auto button-layout2 \"><a href=\"https:\/\/jcreativemoveis.com.br\/?product=mesa-saarinen-jantar-oval-espirito-santo\" aria-label=\"Selecione as op\u00e7\u00f5es para &ldquo;Mesa Saarinen Oval Esp\u00edrito Santo&rdquo;\" data-quantity=\"1\" data-product_id=\"338\" data-product_sku=\"03\" rel=\"nofollow\" class=\"button wp-block-button__link add_to_cart_button\">Ver op\u00e7\u00f5es<\/a><\/div><\/div><\/li><\/ul><\/div>","protected":false},"excerpt":{"rendered":"<p>Mesa Saarinen Oval<\/p>\n","protected":false},"author":1,"featured_media":0,"parent":0,"menu_order":0,"comment_status":"closed","ping_status":"closed","template":"","meta":{"footnotes":""},"class_list":["post-890","page","type-page","status-publish","hentry"],"_links":{"self":[{"href":"https:\/\/jcreativemoveis.com.br\/index.php?rest_route=\/wp\/v2\/pages\/890","targetHints":{"allow":["GET"]}}],"collection":[{"href":"https:\/\/jcreativemoveis.com.br\/index.php?rest_route=\/wp\/v2\/pages"}],"about":[{"href":"https:\/\/jcreativemoveis.com.br\/index.php?rest_route=\/wp\/v2\/types\/page"}],"author":[{"embeddable":true,"href":"https:\/\/jcreativemoveis.com.br\/index.php?rest_route=\/wp\/v2\/users\/1"}],"replies":[{"embeddable":true,"href":"https:\/\/jcreativemoveis.com.br\/index.php?rest_route=%2Fwp%2Fv2%2Fcomments&post=890"}],"version-history":[{"count":16,"href":"https:\/\/jcreativemoveis.com.br\/index.php?rest_route=\/wp\/v2\/pages\/890\/revisions"}],"predecessor-version":[{"id":2025,"href":"https:\/\/jcreativemoveis.com.br\/index.php?rest_route=\/wp\/v2\/pages\/890\/revisions\/2025"}],"wp:attachment":[{"href":"https:\/\/jcreativemoveis.com.br\/index.php?rest_route=%2Fwp%2Fv2%2Fmedia&parent=890"}],"curies":[{"name":"wp","href":"https:\/\/api.w.org\/{rel}","templated":true}]}}