{"id":907,"date":"2020-09-18T15:30:45","date_gmt":"2020-09-18T18:30:45","guid":{"rendered":"https:\/\/jcreativemoveis.com.br\/?page_id=907"},"modified":"2023-03-15T11:04:36","modified_gmt":"2023-03-15T14:04:36","slug":"mesa-saarinen-redonda-2","status":"publish","type":"page","link":"https:\/\/jcreativemoveis.com.br\/?page_id=907","title":{"rendered":"Bases Saarinen"},"content":{"rendered":"\n<p><\/p>\n\n\n<div data-block-name=\"woocommerce\/product-category\" data-categories=\"[73]\" class=\"wc-block-grid wp-block-product-category wp-block-woocommerce-product-category wc-block-product-category has-3-columns has-multiple-rows\"><ul class=\"wc-block-grid__products\"><li class=\"wc-block-grid__product product-grid \">\n\t\t\t\t<div class=\"loop-image-wrap botiga-add-to-cart-button-layout2 botiga-quick-view-button-layout2\">\n\t\t\t\t\t<a href=\"https:\/\/jcreativemoveis.com.br\/?product=base-de-mesa-jantar-saarinen-redonda\" class=\"wc-block-grid__product-link\" title=\"Ver op\u00e7\u00f5es\">\n\t\t\t\t\t\t<div class=\"wc-block-grid__product-image\"><img loading=\"lazy\" decoding=\"async\" width=\"420\" height=\"360\" src=\"https:\/\/jcreativemoveis.com.br\/wp-content\/uploads\/2020\/09\/base01-420x360.jpg\" class=\"attachment-woocommerce_thumbnail size-woocommerce_thumbnail\" alt=\"BASE DE MESA JANTAR SAARINEN - REDONDA\" srcset=\"https:\/\/jcreativemoveis.com.br\/wp-content\/uploads\/2020\/09\/base01-420x360.jpg 420w, https:\/\/jcreativemoveis.com.br\/wp-content\/uploads\/2020\/09\/base01-800x685.jpg 800w, https:\/\/jcreativemoveis.com.br\/wp-content\/uploads\/2020\/09\/base01-300x257.jpg 300w, https:\/\/jcreativemoveis.com.br\/wp-content\/uploads\/2020\/09\/base01-768x657.jpg 768w, https:\/\/jcreativemoveis.com.br\/wp-content\/uploads\/2020\/09\/base01-600x514.jpg 600w, https:\/\/jcreativemoveis.com.br\/wp-content\/uploads\/2020\/09\/base01.jpg 1000w\" sizes=\"auto, (max-width: 420px) 100vw, 420px\" \/><\/div>\n\t\t\t\t\t<\/a>\n\t<a href=\"#\" class=\"button botiga-quick-view-show-on-hover botiga-quick-view botiga-quick-view-layout2\" aria-label=\"Visualiza\u00e7\u00e3o r\u00e1pida do produto BASE DE MESA JANTAR SAARINEN &#8211; REDONDA\" data-product-id=\"1489\" data-nonce=\"76ef2c122b\">\n\t\tVisualiza\u00e7\u00e3o r\u00e1pida\t<\/a>\n\t<\/div><a href=\"https:\/\/jcreativemoveis.com.br\/?product=base-de-mesa-jantar-saarinen-redonda\" class=\"wc-block-grid__product-link\">\n\t\t\t\t\t<div class=\"wc-block-grid__product-title\">BASE DE MESA JANTAR SAARINEN &#8211; REDONDA<\/div>\n\t\t\t\t<\/a><div class=\"wc-block-grid__product-price price\"><span class=\"woocommerce-Price-amount amount\" aria-hidden=\"true\"><span class=\"woocommerce-Price-currencySymbol\">&#082;&#036;<\/span>1,300.00<\/span> <span aria-hidden=\"true\">&ndash;<\/span> <span class=\"woocommerce-Price-amount amount\" aria-hidden=\"true\"><span class=\"woocommerce-Price-currencySymbol\">&#082;&#036;<\/span>2,000.00<\/span><span class=\"screen-reader-text\">Price range: &#082;&#036;1,300.00 through &#082;&#036;2,000.00<\/span><\/div><div class=\"wp-block-button wc-block-grid__product-add-to-cart\"><div class=\"loop-button-wrap button-width-auto button-layout2 \"><a href=\"https:\/\/jcreativemoveis.com.br\/?product=base-de-mesa-jantar-saarinen-redonda\" aria-label=\"Selecione as op\u00e7\u00f5es para &ldquo;BASE DE MESA JANTAR SAARINEN - REDONDA&rdquo;\" data-quantity=\"1\" data-product_id=\"1489\" data-product_sku=\"\" rel=\"nofollow\" class=\"button wp-block-button__link add_to_cart_button\">Ver op\u00e7\u00f5es<\/a><\/div><\/div><\/li><li class=\"wc-block-grid__product product-grid \">\n\t\t\t\t<div class=\"loop-image-wrap botiga-add-to-cart-button-layout2 botiga-quick-view-button-layout2\">\n\t\t\t\t\t<a href=\"https:\/\/jcreativemoveis.com.br\/?product=base-de-mesa-jantar-saarinen-oval\" class=\"wc-block-grid__product-link\" title=\"Ver op\u00e7\u00f5es\">\n\t\t\t\t\t\t<div class=\"wc-block-grid__product-image\"><img loading=\"lazy\" decoding=\"async\" width=\"420\" height=\"360\" src=\"https:\/\/jcreativemoveis.com.br\/wp-content\/uploads\/2020\/09\/base-mesa-saarinen-oval-01-1000x856-1-420x360.jpg\" class=\"attachment-woocommerce_thumbnail size-woocommerce_thumbnail\" alt=\"BASE DE MESA JANTAR SAARINEN - OVAL\" srcset=\"https:\/\/jcreativemoveis.com.br\/wp-content\/uploads\/2020\/09\/base-mesa-saarinen-oval-01-1000x856-1-420x360.jpg 420w, https:\/\/jcreativemoveis.com.br\/wp-content\/uploads\/2020\/09\/base-mesa-saarinen-oval-01-1000x856-1-800x685.jpg 800w, https:\/\/jcreativemoveis.com.br\/wp-content\/uploads\/2020\/09\/base-mesa-saarinen-oval-01-1000x856-1-300x257.jpg 300w, https:\/\/jcreativemoveis.com.br\/wp-content\/uploads\/2020\/09\/base-mesa-saarinen-oval-01-1000x856-1-768x657.jpg 768w, https:\/\/jcreativemoveis.com.br\/wp-content\/uploads\/2020\/09\/base-mesa-saarinen-oval-01-1000x856-1-600x514.jpg 600w, https:\/\/jcreativemoveis.com.br\/wp-content\/uploads\/2020\/09\/base-mesa-saarinen-oval-01-1000x856-1.jpg 1000w\" sizes=\"auto, (max-width: 420px) 100vw, 420px\" \/><\/div>\n\t\t\t\t\t<\/a>\n\t<a href=\"#\" class=\"button botiga-quick-view-show-on-hover botiga-quick-view botiga-quick-view-layout2\" aria-label=\"Visualiza\u00e7\u00e3o r\u00e1pida do produto BASE DE MESA JANTAR SAARINEN &#8211; OVAL\" data-product-id=\"1476\" data-nonce=\"76ef2c122b\">\n\t\tVisualiza\u00e7\u00e3o r\u00e1pida\t<\/a>\n\t<\/div><a href=\"https:\/\/jcreativemoveis.com.br\/?product=base-de-mesa-jantar-saarinen-oval\" class=\"wc-block-grid__product-link\">\n\t\t\t\t\t<div class=\"wc-block-grid__product-title\">BASE DE MESA JANTAR SAARINEN &#8211; OVAL<\/div>\n\t\t\t\t<\/a><div class=\"wc-block-grid__product-price price\"><span class=\"woocommerce-Price-amount amount\" aria-hidden=\"true\"><span class=\"woocommerce-Price-currencySymbol\">&#082;&#036;<\/span>1,800.00<\/span> <span aria-hidden=\"true\">&ndash;<\/span> <span class=\"woocommerce-Price-amount amount\" aria-hidden=\"true\"><span class=\"woocommerce-Price-currencySymbol\">&#082;&#036;<\/span>2,000.00<\/span><span class=\"screen-reader-text\">Price range: &#082;&#036;1,800.00 through &#082;&#036;2,000.00<\/span><\/div><div class=\"wp-block-button wc-block-grid__product-add-to-cart\"><div class=\"loop-button-wrap button-width-auto button-layout2 \"><a href=\"https:\/\/jcreativemoveis.com.br\/?product=base-de-mesa-jantar-saarinen-oval\" aria-label=\"Selecione as op\u00e7\u00f5es para &ldquo;BASE DE MESA JANTAR SAARINEN - OVAL&rdquo;\" data-quantity=\"1\" data-product_id=\"1476\" data-product_sku=\"\" rel=\"nofollow\" class=\"button wp-block-button__link add_to_cart_button\">Ver op\u00e7\u00f5es<\/a><\/div><\/div><\/li><\/ul><\/div>","protected":false},"excerpt":{"rendered":"","protected":false},"author":1,"featured_media":0,"parent":0,"menu_order":0,"comment_status":"closed","ping_status":"closed","template":"","meta":{"footnotes":""},"class_list":["post-907","page","type-page","status-publish","hentry"],"_links":{"self":[{"href":"https:\/\/jcreativemoveis.com.br\/index.php?rest_route=\/wp\/v2\/pages\/907","targetHints":{"allow":["GET"]}}],"collection":[{"href":"https:\/\/jcreativemoveis.com.br\/index.php?rest_route=\/wp\/v2\/pages"}],"about":[{"href":"https:\/\/jcreativemoveis.com.br\/index.php?rest_route=\/wp\/v2\/types\/page"}],"author":[{"embeddable":true,"href":"https:\/\/jcreativemoveis.com.br\/index.php?rest_route=\/wp\/v2\/users\/1"}],"replies":[{"embeddable":true,"href":"https:\/\/jcreativemoveis.com.br\/index.php?rest_route=%2Fwp%2Fv2%2Fcomments&post=907"}],"version-history":[{"count":20,"href":"https:\/\/jcreativemoveis.com.br\/index.php?rest_route=\/wp\/v2\/pages\/907\/revisions"}],"predecessor-version":[{"id":2033,"href":"https:\/\/jcreativemoveis.com.br\/index.php?rest_route=\/wp\/v2\/pages\/907\/revisions\/2033"}],"wp:attachment":[{"href":"https:\/\/jcreativemoveis.com.br\/index.php?rest_route=%2Fwp%2Fv2%2Fmedia&parent=907"}],"curies":[{"name":"wp","href":"https:\/\/api.w.org\/{rel}","templated":true}]}}