{"id":1140,"date":"2020-09-30T13:45:38","date_gmt":"2020-09-30T16:45:38","guid":{"rendered":"https:\/\/jcreativemoveis.com.br\/?post_type=product&#038;p=1140"},"modified":"2026-03-02T17:00:35","modified_gmt":"2026-03-02T20:00:35","slug":"mesa-saarinen-jantar-redonda-laqueada","status":"publish","type":"product","link":"https:\/\/jcreativemoveis.com.br\/?product=mesa-saarinen-jantar-redonda-laqueada","title":{"rendered":"Mesa Saarinen Redonda Laqueada"},"content":{"rendered":"<p><strong>Mesa Saarinen Jantar Redonda Laqueada <\/strong>possui caracter\u00edsticas, dimens\u00f5es, acabamento e qualidade de alto padr\u00e3o fieis aos tra\u00e7os originais do modelo de 1956 do designer Eero Saarinen, possui base em alum\u00ednio fundido e pintura automotiva PU branca, contra-tampo em madeira na cor da mesa, acabamento em chanfrado nas bordas.<\/p>\n<p><strong>Limpeza e Manuten\u00e7\u00e3o:<\/strong><\/p>\n<p>Para a manuten\u00e7\u00e3o, usar somente pano seco no dia a dia. Comparado ao granito ou material sint\u00e9tico \u00e9 mais fr\u00e1gil e por isso deve-se evitar \u00f3leos, gorduras e l\u00edquidos gelados, evitando manchas, assim como todos os m\u00e1rmores brancos.<\/p>\n<p><strong>Montagem:<\/strong><\/p>\n<p>Para mesas com tampo em m\u00e1rmore ou granito, basta colocar o tampo sobreposto ao contra tampo.<\/p>\n<p>Para mesas com tampo em madeira, basta encaixar os quatro parafusos fornecidos e fixar na marca\u00e7\u00e3o do contra tampo.<\/p>\n<p>Mesas laterais, basta \u201crosquear\u201d a base ao tampo<\/p>\n<p>Obs. Em caso de apartamento ou condom\u00ednio de casas, n\u00e3o tendo elevador ou n\u00e3o cabendo no elevador, a transportadora deixar\u00e1 o produto no t\u00e9rreo sendo de responsabilidade do cliente contratar empresa de i\u00e7a mento ou pessoas que possam levar a mesa at\u00e9 o interior do im\u00f3vel.<\/p>\n<p>&nbsp;<\/p>\n<p><img loading=\"lazy\" decoding=\"async\" class=\"alignnone size-medium wp-image-2073\" src=\"https:\/\/jcreativemoveis.com.br\/wp-content\/uploads\/2021\/06\/WhatsApp-Image-2023-03-16-at-18.40.12-300x300.jpeg\" alt=\"\" width=\"300\" height=\"300\" srcset=\"https:\/\/jcreativemoveis.com.br\/wp-content\/uploads\/2021\/06\/WhatsApp-Image-2023-03-16-at-18.40.12-300x300.jpeg 300w, https:\/\/jcreativemoveis.com.br\/wp-content\/uploads\/2021\/06\/WhatsApp-Image-2023-03-16-at-18.40.12-150x150.jpeg 150w, https:\/\/jcreativemoveis.com.br\/wp-content\/uploads\/2021\/06\/WhatsApp-Image-2023-03-16-at-18.40.12-380x381.jpeg 380w, https:\/\/jcreativemoveis.com.br\/wp-content\/uploads\/2021\/06\/WhatsApp-Image-2023-03-16-at-18.40.12-420x422.jpeg 420w, https:\/\/jcreativemoveis.com.br\/wp-content\/uploads\/2021\/06\/WhatsApp-Image-2023-03-16-at-18.40.12-100x100.jpeg 100w, https:\/\/jcreativemoveis.com.br\/wp-content\/uploads\/2021\/06\/WhatsApp-Image-2023-03-16-at-18.40.12.jpeg 536w\" sizes=\"auto, (max-width: 300px) 100vw, 300px\" \/><\/p>\n<div id=\"gtx-trans\" style=\"position: absolute; left: 524px; top: 48px;\">\n<div class=\"gtx-trans-icon\"><\/div>\n<\/div>\n","protected":false},"excerpt":{"rendered":"<p>Mesa Saarinen Jantar Redonda Laqueada possui caracter\u00edsticas, dimens\u00f5es, acabamento e qualidade de alto padr\u00e3o fieis aos tra\u00e7os originais do modelo de 1956 do designer Eero Saarinen, possui base em alum\u00ednio [&hellip;]<\/p>\n","protected":false},"featured_media":1843,"comment_status":"open","ping_status":"closed","template":"","meta":[],"product_brand":[],"product_cat":[134,64,62],"product_tag":[95,90,96,93,98,78,91,97,75,94,92,89,76],"class_list":{"0":"post-1140","1":"product","2":"type-product","3":"status-publish","4":"has-post-thumbnail","6":"product_cat-madeiras-e-laqueadas","7":"product_cat-mesa-saarinen-redonda","8":"product_cat-mesas-saarinen","9":"product_tag-cadeira-de-jantar","10":"product_tag-cadeiras-eames","11":"product_tag-cores","12":"product_tag-design-de-interiores","13":"product_tag-dsw","14":"product_tag-espirito-santo","15":"product_tag-jcreative-moveis","16":"product_tag-leda","17":"product_tag-marmore","18":"product_tag-mesa-de-jantar","19":"product_tag-mesas-design","20":"product_tag-mesas-saarinen","21":"product_tag-saarinen","23":"first","24":"onbackorder","25":"taxable","26":"shipping-taxable","27":"purchasable","28":"product-type-variable"},"_links":{"self":[{"href":"https:\/\/jcreativemoveis.com.br\/index.php?rest_route=\/wp\/v2\/product\/1140","targetHints":{"allow":["GET"]}}],"collection":[{"href":"https:\/\/jcreativemoveis.com.br\/index.php?rest_route=\/wp\/v2\/product"}],"about":[{"href":"https:\/\/jcreativemoveis.com.br\/index.php?rest_route=\/wp\/v2\/types\/product"}],"replies":[{"embeddable":true,"href":"https:\/\/jcreativemoveis.com.br\/index.php?rest_route=%2Fwp%2Fv2%2Fcomments&post=1140"}],"wp:featuredmedia":[{"embeddable":true,"href":"https:\/\/jcreativemoveis.com.br\/index.php?rest_route=\/wp\/v2\/media\/1843"}],"wp:attachment":[{"href":"https:\/\/jcreativemoveis.com.br\/index.php?rest_route=%2Fwp%2Fv2%2Fmedia&parent=1140"}],"wp:term":[{"taxonomy":"product_brand","embeddable":true,"href":"https:\/\/jcreativemoveis.com.br\/index.php?rest_route=%2Fwp%2Fv2%2Fproduct_brand&post=1140"},{"taxonomy":"product_cat","embeddable":true,"href":"https:\/\/jcreativemoveis.com.br\/index.php?rest_route=%2Fwp%2Fv2%2Fproduct_cat&post=1140"},{"taxonomy":"product_tag","embeddable":true,"href":"https:\/\/jcreativemoveis.com.br\/index.php?rest_route=%2Fwp%2Fv2%2Fproduct_tag&post=1140"}],"curies":[{"name":"wp","href":"https:\/\/api.w.org\/{rel}","templated":true}]}}