{"id":2192,"date":"2024-03-13T15:48:42","date_gmt":"2024-03-13T18:48:42","guid":{"rendered":"https:\/\/jcreativemoveis.com.br\/?post_type=product&#038;p=2192"},"modified":"2026-03-02T16:16:04","modified_gmt":"2026-03-02T19:16:04","slug":"mesa-saarinen-lateral","status":"publish","type":"product","link":"https:\/\/jcreativemoveis.com.br\/?product=mesa-saarinen-lateral","title":{"rendered":"Mesa Saarinen Lateral"},"content":{"rendered":"<p>&#8211; Mesa Saarinen projetada por Eero Saarinen em 1956;<br \/>\n&#8211; Base produzida em alum\u00ednio com acabamento em pintura automotiva PU<\/p>\n<p><strong>Altura<\/strong> 0,50 cm<\/p>\n<p>&#8211; Possui feltro na base para prote\u00e7\u00e3o do piso;<br \/>\n&#8211; Tampo em m\u00e1rmore, madeira ou laca com acabamento chanfrado nas bordas;<br \/>\n&#8211; O produto ser\u00e1 entregue desmontado;<br \/>\n&#8211; O produto ser\u00e1 entregue desmontado;<br \/>\n&#8211; A JCreative n\u00e3o disponibiliza servi\u00e7os de montagem e\/ou instala\u00e7\u00e3o;<br \/>\n&#8211; N\u00e3o pode ficar em \u00e1rea externa;<br \/>\n&#8211; Devido \u00e0s condi\u00e7\u00f5es naturais da pedra pode haver varia\u00e7\u00e3o de cor;<br \/>\n&#8211; Garantia do fornecedor de 90 dias contra defeitos de fabrica\u00e7\u00e3o.<\/p>\n","protected":false},"excerpt":{"rendered":"<p>&#8211; Mesa Saarinen projetada por Eero Saarinen em 1956; &#8211; Base produzida em alum\u00ednio com acabamento em pintura automotiva PU Altura 0,50 cm &#8211; Possui feltro na base para prote\u00e7\u00e3o [&hellip;]<\/p>\n","protected":false},"featured_media":2214,"comment_status":"open","ping_status":"closed","template":"","meta":[],"product_brand":[],"product_cat":[143],"product_tag":[],"class_list":{"0":"post-2192","1":"product","2":"type-product","3":"status-publish","4":"has-post-thumbnail","6":"product_cat-mesas-laterais","8":"first","9":"instock","10":"taxable","11":"shipping-taxable","12":"purchasable","13":"product-type-variable"},"_links":{"self":[{"href":"https:\/\/jcreativemoveis.com.br\/index.php?rest_route=\/wp\/v2\/product\/2192","targetHints":{"allow":["GET"]}}],"collection":[{"href":"https:\/\/jcreativemoveis.com.br\/index.php?rest_route=\/wp\/v2\/product"}],"about":[{"href":"https:\/\/jcreativemoveis.com.br\/index.php?rest_route=\/wp\/v2\/types\/product"}],"replies":[{"embeddable":true,"href":"https:\/\/jcreativemoveis.com.br\/index.php?rest_route=%2Fwp%2Fv2%2Fcomments&post=2192"}],"wp:featuredmedia":[{"embeddable":true,"href":"https:\/\/jcreativemoveis.com.br\/index.php?rest_route=\/wp\/v2\/media\/2214"}],"wp:attachment":[{"href":"https:\/\/jcreativemoveis.com.br\/index.php?rest_route=%2Fwp%2Fv2%2Fmedia&parent=2192"}],"wp:term":[{"taxonomy":"product_brand","embeddable":true,"href":"https:\/\/jcreativemoveis.com.br\/index.php?rest_route=%2Fwp%2Fv2%2Fproduct_brand&post=2192"},{"taxonomy":"product_cat","embeddable":true,"href":"https:\/\/jcreativemoveis.com.br\/index.php?rest_route=%2Fwp%2Fv2%2Fproduct_cat&post=2192"},{"taxonomy":"product_tag","embeddable":true,"href":"https:\/\/jcreativemoveis.com.br\/index.php?rest_route=%2Fwp%2Fv2%2Fproduct_tag&post=2192"}],"curies":[{"name":"wp","href":"https:\/\/api.w.org\/{rel}","templated":true}]}}