{"id":338,"date":"2020-04-23T13:06:14","date_gmt":"2020-04-23T16:06:14","guid":{"rendered":"https:\/\/jcreativemoveis.com.br\/?post_type=product&#038;p=338"},"modified":"2026-03-02T17:29:27","modified_gmt":"2026-03-02T20:29:27","slug":"mesa-saarinen-jantar-oval-espirito-santo","status":"publish","type":"product","link":"https:\/\/jcreativemoveis.com.br\/?product=mesa-saarinen-jantar-oval-espirito-santo","title":{"rendered":"Mesa Saarinen Oval Esp\u00edrito Santo"},"content":{"rendered":"<p><strong>Mesa Saarinen Jantar Oval Esp\u00edrito Santo <\/strong>possui caracter\u00edsticas, dimens\u00f5es, acabamento e\u00a0qualidade\u00a0de alto padr\u00e3o fieis aos tra\u00e7os originais do modelo de 1956 do designer\u00a0Eero Saarinen, possui\u00a0base em alum\u00ednio fundido e pintura automotiva PU branca, contra-tampo em madeira na cor da mesa, tampo em m\u00e1rmore Espirito Santo Nacional, acabamento em chanfrado nas bordas.<\/p>\n<p><strong>Limpeza e Manuten\u00e7\u00e3o:<\/strong><\/p>\n<p>Para a manuten\u00e7\u00e3o, usar somente pano seco no dia a dia. Comparado ao granito ou material sint\u00e9tico \u00e9 mais fr\u00e1gil e por isso deve-se evitar \u00f3leos, gorduras e l\u00edquidos gelados, evitando manchas, assim como todos os m\u00e1rmores brancos.<\/p>\n<p><strong>Montagem:<\/strong><\/p>\n<p>Para mesas com tampo em m\u00e1rmore ou granito, basta colocar o tampo sobreposto ao contra tampo.<\/p>\n<p>Para mesas com tampo em madeira, basta encaixar os quatro parafusos fornecidos e fixar na marca\u00e7\u00e3o do contra tampo.<\/p>\n<p>Mesas laterais, basta \u201crosquear\u201d a base ao tampo<\/p>\n<p>Obs. Em caso de apartamento ou condom\u00ednio de casas, n\u00e3o tendo elevador ou n\u00e3o cabendo no elevador, a transportadora deixar\u00e1 o produto no t\u00e9rreo sendo de responsabilidade do cliente contratar empresa de i\u00e7a mento ou pessoas que possam levar a mesa at\u00e9 o interior do im\u00f3vel.<\/p>\n","protected":false},"excerpt":{"rendered":"<p>Mesa Saarinen Jantar Oval Esp\u00edrito Santo possui caracter\u00edsticas, dimens\u00f5es, acabamento e\u00a0qualidade\u00a0de alto padr\u00e3o fieis aos tra\u00e7os originais do modelo de 1956 do designer\u00a0Eero Saarinen, possui\u00a0base em alum\u00ednio fundido e pintura [&hellip;]<\/p>\n","protected":false},"featured_media":2037,"comment_status":"open","ping_status":"closed","template":"","meta":[],"product_brand":[],"product_cat":[135,63],"product_tag":[95,90,96,93,98,78,91,97,75,94,92,89,76],"class_list":{"0":"post-338","1":"product","2":"type-product","3":"status-publish","4":"has-post-thumbnail","6":"product_cat-marmores-brancos","7":"product_cat-mesa-saarinen-oval","8":"product_tag-cadeira-de-jantar","9":"product_tag-cadeiras-eames","10":"product_tag-cores","11":"product_tag-design-de-interiores","12":"product_tag-dsw","13":"product_tag-espirito-santo","14":"product_tag-jcreative-moveis","15":"product_tag-leda","16":"product_tag-marmore","17":"product_tag-mesa-de-jantar","18":"product_tag-mesas-design","19":"product_tag-mesas-saarinen","20":"product_tag-saarinen","22":"first","23":"onbackorder","24":"taxable","25":"shipping-taxable","26":"purchasable","27":"product-type-variable"},"_links":{"self":[{"href":"https:\/\/jcreativemoveis.com.br\/index.php?rest_route=\/wp\/v2\/product\/338","targetHints":{"allow":["GET"]}}],"collection":[{"href":"https:\/\/jcreativemoveis.com.br\/index.php?rest_route=\/wp\/v2\/product"}],"about":[{"href":"https:\/\/jcreativemoveis.com.br\/index.php?rest_route=\/wp\/v2\/types\/product"}],"replies":[{"embeddable":true,"href":"https:\/\/jcreativemoveis.com.br\/index.php?rest_route=%2Fwp%2Fv2%2Fcomments&post=338"}],"wp:featuredmedia":[{"embeddable":true,"href":"https:\/\/jcreativemoveis.com.br\/index.php?rest_route=\/wp\/v2\/media\/2037"}],"wp:attachment":[{"href":"https:\/\/jcreativemoveis.com.br\/index.php?rest_route=%2Fwp%2Fv2%2Fmedia&parent=338"}],"wp:term":[{"taxonomy":"product_brand","embeddable":true,"href":"https:\/\/jcreativemoveis.com.br\/index.php?rest_route=%2Fwp%2Fv2%2Fproduct_brand&post=338"},{"taxonomy":"product_cat","embeddable":true,"href":"https:\/\/jcreativemoveis.com.br\/index.php?rest_route=%2Fwp%2Fv2%2Fproduct_cat&post=338"},{"taxonomy":"product_tag","embeddable":true,"href":"https:\/\/jcreativemoveis.com.br\/index.php?rest_route=%2Fwp%2Fv2%2Fproduct_tag&post=338"}],"curies":[{"name":"wp","href":"https:\/\/api.w.org\/{rel}","templated":true}]}}